{"id":278,"date":"2021-06-30T12:13:42","date_gmt":"2021-06-30T12:13:42","guid":{"rendered":"http:\/\/3.122.56.23\/?page_id=278"},"modified":"2025-05-16T13:55:05","modified_gmt":"2025-05-16T11:55:05","slug":"impresszum","status":"publish","type":"page","link":"https:\/\/www.thaiharmonia.hu\/en\/impresszum\/","title":{"rendered":"Impressum"},"content":{"rendered":"[et_pb_section fb_built=&#8221;1&#8243; admin_label=&#8221;section&#8221; _builder_version=&#8221;4.16&#8243; global_colors_info=&#8221;{}&#8221; da_is_popup=&#8221;off&#8221; da_exit_intent=&#8221;off&#8221; da_has_close=&#8221;on&#8221; da_alt_close=&#8221;off&#8221; da_dark_close=&#8221;off&#8221; da_not_modal=&#8221;on&#8221; da_is_singular=&#8221;off&#8221; da_with_loader=&#8221;off&#8221; da_has_shadow=&#8221;on&#8221; da_disable_devices=&#8221;off|off|off&#8221;][et_pb_row _builder_version=&#8221;4.16&#8243; _module_preset=&#8221;default&#8221; global_colors_info=&#8221;{}&#8221;][et_pb_column type=&#8221;4_4&#8243; _builder_version=&#8221;4.16&#8243; _module_preset=&#8221;default&#8221; global_colors_info=&#8221;{}&#8221;][et_pb_text _builder_version=&#8221;4.16&#8243; _module_preset=&#8221;default&#8221; header_2_font=&#8221;Abel|||on|||||&#8221; header_2_text_align=&#8221;center&#8221; header_2_text_color=&#8221;#000000&#8243; header_2_font_size=&#8221;80px&#8221; header_2_letter_spacing=&#8221;1px&#8221; header_2_line_height=&#8221;1.2em&#8221; custom_margin=&#8221;||5px|||&#8221; header_2_font_size_tablet=&#8221;38px&#8221; header_2_font_size_phone=&#8221;26px&#8221; header_2_font_size_last_edited=&#8221;on|tablet&#8221; header_2_letter_spacing_tablet=&#8221;1px&#8221; header_2_letter_spacing_phone=&#8221;0px&#8221; header_2_letter_spacing_last_edited=&#8221;on|desktop&#8221; global_colors_info=&#8221;{}&#8221;]<h2>Impresszum<\/h2>[\/et_pb_text][et_pb_divider color=&#8221;#8F5F25&#8243; divider_weight=&#8221;2px&#8221; _builder_version=&#8221;4.16&#8243; width=&#8221;100px&#8221; module_alignment=&#8221;center&#8221; custom_margin=&#8221;||0px|-70px|false|false&#8221; locked=&#8221;off&#8221; global_colors_info=&#8221;{}&#8221;][\/et_pb_divider][\/et_pb_column][\/et_pb_row][et_pb_row admin_label=&#8221;row&#8221; _builder_version=&#8221;4.16&#8243; background_size=&#8221;initial&#8221; background_position=&#8221;top_left&#8221; background_repeat=&#8221;repeat&#8221; global_colors_info=&#8221;{}&#8221;][et_pb_column type=&#8221;4_4&#8243; _builder_version=&#8221;4.16&#8243; custom_padding=&#8221;|||&#8221; global_colors_info=&#8221;{}&#8221; custom_padding__hover=&#8221;|||&#8221;][et_pb_text admin_label=&#8221;Text&#8221; _builder_version=&#8221;4.16&#8243; background_size=&#8221;initial&#8221; background_position=&#8221;top_left&#8221; background_repeat=&#8221;repeat&#8221; global_colors_info=&#8221;{}&#8221;]<p><\/p>\n<p>LA MARIPOSA Kft.<br \/>1026 Budapest, <span>G\u00e1bor \u00c1ron utca 74-78. 2. em. 204.<\/span><br \/>06 1 302 0513<br \/>Ad\u00f3sz\u00e1m: 26132415-2-41<br \/>C\u00e9gjegyz\u00e9ksz\u00e1m: 01-09-303609<\/p>\n<h3 class=\"wp-block-heading\">K\u00c9ZBES\u00cdT\u00c9S<\/h3>\n<p>Sikeres v\u00e1s\u00e1rl\u00e1s eset\u00e9n a massz\u00e1zskupont a v\u00e1s\u00e1rl\u00e1s sor\u00e1n megadott emailc\u00edmre k\u00fcldj\u00fck meg, a v\u00e1s\u00e1rl\u00e1st k\u00f6vet\u0151 n\u00e9h\u00e1ny percen bel\u00fcl.<\/p>\n<h3>\u00c9RV\u00c9NYESS\u00c9GI ID\u0150<\/h3>\n<p>A massz\u00e1zskuponok \u00e9rv\u00e9nyess\u00e9gi ideje a v\u00e1s\u00e1rl\u00e1s napj\u00e1t\u00f3l sz\u00e1m\u00edtott 3 h\u00f3nap. A lej\u00e1rat pontos napja a kuponon is felt\u00fcntet\u00e9sre ker\u00fcl.<\/p>\n<h3>FELHASZN\u00c1L\u00c1SI FELT\u00c9TELEK<\/h3>\n<p>A massz\u00e1zskupon felhaszn\u00e1l\u00e1s\u00e1hoz a kupont ki kell nyomtatni \u00e9s a v\u00e1lasztott szalonban \u00e1t kell adni a szem\u00e9lyzet r\u00e9sz\u00e9re.<br \/>A kupont b\u00e1rki felhaszn\u00e1lhatja, azonban egy kupon csak egyszer haszn\u00e1lhat\u00f3 fel. Ezt a minden kupon jobb fels\u0151 sark\u00e1ban tal\u00e1lhat\u00f3 egyedi azonos\u00edt\u00f3val ellen\u0151rizz\u00fck.<\/p>\n<h3>K\u00c9RD\u00c9S, REKLAM\u00c1CI\u00d3<\/h3>\n<p>K\u00e9rd\u00e9s, reklam\u00e1ci\u00f3, meg nem \u00e9rkezett kupon illetve egy\u00e9b probl\u00e9ma eset\u00e9n a<span>\u00a0<\/span><a href=\"mailto:niki0227@t-online.hu\" target=\"_blank\" rel=\"noopener\">niki0227@t-online.hu<\/a><span>\u00a0<\/span>emailc\u00edmen k\u00e9rhet\u0151 b\u0151vebb felvil\u00e1gos\u00edt\u00e1s.<\/p>\n<h3>FIZET\u00c9S<\/h3>\n<p>A bankk\u00e1rty\u00e1s fizet\u00e9s r\u00e9v\u00e9n \u00d6n k\u00e9nyelmesen \u00e9s biztons\u00e1gosan v\u00e1s\u00e1rolhat \u00e1ruh\u00e1zunkban. A kiv\u00e1lasztott \u00e1ruk megrendel\u00e9se ut\u00e1n \u00d6nt a K&amp;H Bank weblapj\u00e1ra ir\u00e1ny\u00edtjuk, ahol a Bank \u00e1ltal haszn\u00e1lt, jelenleg legbiztons\u00e1gosabbnak \u00edt\u00e9lt, titkos\u00edt\u00e1ssal lebonyol\u00edtott tranzakci\u00f3n kereszt\u00fcl fizethet bankk\u00e1rty\u00e1j\u00e1val. V\u00e1s\u00e1rl\u00f3inknak csak annyi a dolga, hogy a fizet\u00e9si m\u00f3d kiv\u00e1laszt\u00e1s\u00e1n\u00e1l &#8222;fizet\u00e9s bankk\u00e1rty\u00e1val&#8221; feliratra kattintsanak, majd a K&amp;H Bank fizet\u00e9si szerver\u00e9n a k\u00e1rtya sz\u00e1m\u00e1t, lej\u00e1rati d\u00e1tum\u00e1t \u00e9s h\u00e1romjegy\u0171 biztons\u00e1gi k\u00f3dj\u00e1t megadj\u00e1k. A K&amp;H Bank a VISA, VISA Electron, V-Pay, MasterCard, Maestro \u00e9s JCB t\u00edpus\u00fa k\u00e1rty\u00e1kat fogadja el.<\/p>\n<p>A kiz\u00e1r\u00f3lag elektronikus haszn\u00e1latra kibocs\u00e1tott bankk\u00e1rty\u00e1kat csak abban az esetben fogadhatjuk el, amennyiben annak haszn\u00e1lat\u00e1t a k\u00e1rty\u00e1t kibocs\u00e1t\u00f3 bank enged\u00e9lyezi! K\u00e9rj\u00fck, \u00e9rdekl\u0151dj\u00f6n bankj\u00e1n\u00e1l, hogy az \u00d6n k\u00e1rty\u00e1ja felhaszn\u00e1lhat\u00f3-e interneten kereszt\u00fcl lebonyol\u00edtand\u00f3 v\u00e1s\u00e1rl\u00e1shoz.<\/p>\n<p>A K&amp;H Bank a sikeres v\u00e1s\u00e1rl\u00e1st k\u00f6vet\u0151en a tranzakci\u00f3r\u00f3l enged\u00e9lyez\u00e9si sz\u00e1mot bocs\u00e1t ki, amelyet \u00e9rdemes fel\u00edrni vagy az eg\u00e9sz oldalt kinyomtatni. Sikertelen tranzakci\u00f3 eset\u00e9n a K&amp;H Bank hiba\u00fczenetben k\u00f6zli a hiba ok\u00e1t.<\/p>\n<p>Az \u00d6n szem\u00e9lyes adatainak v\u00e9delme a H\u00e1rom Harm\u00f3nia Kft \u00e9s partnerei sz\u00e1m\u00e1ra kiemelt fontoss\u00e1g\u00fa. A weboldalunk haszn\u00e1lata k\u00f6zben sz\u00fcks\u00e9ges, azonos\u00edt\u00e1sra alkalmas, szem\u00e9lyes jelleg\u0171 adatok begy\u0171jt\u00e9se \u00e9s feldolgoz\u00e1sa megfelel az \u00e9rv\u00e9nyben l\u00e9v\u0151 magyar adatv\u00e9delmi el\u0151\u00edr\u00e1soknak ( 2011. \u00e9vi CXII. t\u00f6rv\u00e9ny).<\/p>\n<p>Az \u00d6n adatait bizalmasan kezelj\u00fck \u00e9s harmadik f\u00e9l sz\u00e1m\u00e1ra nem tov\u00e1bb\u00edtjuk. kiv\u00e9ve, ha ez a szerz\u0151d\u00e9s teljes\u00edt\u00e9s\u00e9hez elengedhetetlen (pl. posta, fut\u00e1rszolg\u00e1lat). Munkat\u00e1rsaink, partnereink \u00e9s szolg\u00e1ltat\u00f3ink titoktart\u00e1si k\u00f6telezetts\u00e9ggel tartoznak fel\u00e9nk.<\/p>\n<p><img decoding=\"async\" src=\"https:\/\/www.senspamasszazs.hu\/img\/kh-logo.png\" alt=\"K&amp;H\" \/><\/p>\n<p><\/p>[\/et_pb_text][\/et_pb_column][\/et_pb_row][\/et_pb_section]","protected":false},"excerpt":{"rendered":"<p>Impresszum LA MARIPOSA Kft.1026 Budapest, G\u00e1bor \u00c1ron utca 74-78. 2. em. 204.06 1 302 0513Ad\u00f3sz\u00e1m: 26132415-2-41C\u00e9gjegyz\u00e9ksz\u00e1m: 01-09-303609 K\u00c9ZBES\u00cdT\u00c9S Sikeres v\u00e1s\u00e1rl\u00e1s eset\u00e9n a massz\u00e1zskupont a v\u00e1s\u00e1rl\u00e1s sor\u00e1n megadott emailc\u00edmre k\u00fcldj\u00fck meg, a v\u00e1s\u00e1rl\u00e1st k\u00f6vet\u0151 n\u00e9h\u00e1ny percen bel\u00fcl. \u00c9RV\u00c9NYESS\u00c9GI ID\u0150 A massz\u00e1zskuponok \u00e9rv\u00e9nyess\u00e9gi ideje a v\u00e1s\u00e1rl\u00e1s napj\u00e1t\u00f3l sz\u00e1m\u00edtott 3 h\u00f3nap. A lej\u00e1rat pontos napja a kuponon is [&hellip;]<\/p>\n","protected":false},"author":12,"featured_media":0,"parent":0,"menu_order":0,"comment_status":"closed","ping_status":"closed","template":"","meta":{"_et_pb_use_builder":"on","_et_pb_old_content":"","_et_gb_content_width":"","footnotes":""},"class_list":["post-278","page","type-page","status-publish","hentry"],"yoast_head":"<!-- This site is optimized with the Yoast SEO plugin v27.5 - https:\/\/yoast.com\/product\/yoast-seo-wordpress\/ -->\n<title>Impresszum - Thai Harm\u00f3nia Massz\u00e1zs<\/title>\n<meta name=\"robots\" content=\"index, follow, max-snippet:-1, max-image-preview:large, max-video-preview:-1\" \/>\n<link rel=\"canonical\" href=\"https:\/\/thaiharmonia.hu\/en\/impresszum\/\" \/>\n<meta property=\"og:locale\" content=\"en_GB\" \/>\n<meta property=\"og:type\" content=\"article\" \/>\n<meta property=\"og:title\" content=\"Impresszum - Thai Harm\u00f3nia Massz\u00e1zs\" \/>\n<meta property=\"og:description\" content=\"Impresszum LA MARIPOSA Kft.1026 Budapest, G\u00e1bor \u00c1ron utca 74-78. 2. em. 204.06 1 302 0513Ad\u00f3sz\u00e1m: 26132415-2-41C\u00e9gjegyz\u00e9ksz\u00e1m: 01-09-303609 K\u00c9ZBES\u00cdT\u00c9S Sikeres v\u00e1s\u00e1rl\u00e1s eset\u00e9n a massz\u00e1zskupont a v\u00e1s\u00e1rl\u00e1s sor\u00e1n megadott emailc\u00edmre k\u00fcldj\u00fck meg, a v\u00e1s\u00e1rl\u00e1st k\u00f6vet\u0151 n\u00e9h\u00e1ny percen bel\u00fcl. \u00c9RV\u00c9NYESS\u00c9GI ID\u0150 A massz\u00e1zskuponok \u00e9rv\u00e9nyess\u00e9gi ideje a v\u00e1s\u00e1rl\u00e1s napj\u00e1t\u00f3l sz\u00e1m\u00edtott 3 h\u00f3nap. A lej\u00e1rat pontos napja a kuponon is [&hellip;]\" \/>\n<meta property=\"og:url\" content=\"https:\/\/thaiharmonia.hu\/en\/impresszum\/\" \/>\n<meta property=\"og:site_name\" content=\"Thai Harm\u00f3nia Massz\u00e1zs\" \/>\n<meta property=\"article:modified_time\" content=\"2025-05-16T11:55:05+00:00\" \/>\n<meta property=\"og:image\" content=\"https:\/\/www.senspamasszazs.hu\/img\/kh-logo.png\" \/>\n<meta name=\"twitter:card\" content=\"summary_large_image\" \/>\n<meta name=\"twitter:label1\" content=\"Estimated reading time\" \/>\n\t<meta name=\"twitter:data1\" content=\"4 minutes\" \/>\n<script type=\"application\/ld+json\" class=\"yoast-schema-graph\">{\"@context\":\"https:\\\/\\\/schema.org\",\"@graph\":[{\"@type\":\"WebPage\",\"@id\":\"https:\\\/\\\/thaiharmonia.hu\\\/en\\\/impresszum\\\/\",\"url\":\"https:\\\/\\\/thaiharmonia.hu\\\/en\\\/impresszum\\\/\",\"name\":\"Impresszum - Thai Harm\u00f3nia Massz\u00e1zs\",\"isPartOf\":{\"@id\":\"https:\\\/\\\/thaiharmonia.hu\\\/#website\"},\"primaryImageOfPage\":{\"@id\":\"https:\\\/\\\/thaiharmonia.hu\\\/en\\\/impresszum\\\/#primaryimage\"},\"image\":{\"@id\":\"https:\\\/\\\/thaiharmonia.hu\\\/en\\\/impresszum\\\/#primaryimage\"},\"thumbnailUrl\":\"https:\\\/\\\/www.senspamasszazs.hu\\\/img\\\/kh-logo.png\",\"datePublished\":\"2021-06-30T12:13:42+00:00\",\"dateModified\":\"2025-05-16T11:55:05+00:00\",\"breadcrumb\":{\"@id\":\"https:\\\/\\\/thaiharmonia.hu\\\/en\\\/impresszum\\\/#breadcrumb\"},\"inLanguage\":\"en-GB\",\"potentialAction\":[{\"@type\":\"ReadAction\",\"target\":[\"https:\\\/\\\/thaiharmonia.hu\\\/en\\\/impresszum\\\/\"]}]},{\"@type\":\"ImageObject\",\"inLanguage\":\"en-GB\",\"@id\":\"https:\\\/\\\/thaiharmonia.hu\\\/en\\\/impresszum\\\/#primaryimage\",\"url\":\"https:\\\/\\\/www.senspamasszazs.hu\\\/img\\\/kh-logo.png\",\"contentUrl\":\"https:\\\/\\\/www.senspamasszazs.hu\\\/img\\\/kh-logo.png\"},{\"@type\":\"BreadcrumbList\",\"@id\":\"https:\\\/\\\/thaiharmonia.hu\\\/en\\\/impresszum\\\/#breadcrumb\",\"itemListElement\":[{\"@type\":\"ListItem\",\"position\":1,\"name\":\"Kezd\u0151lap\",\"item\":\"https:\\\/\\\/thaiharmonia.hu\\\/\"},{\"@type\":\"ListItem\",\"position\":2,\"name\":\"Impresszum\"}]},{\"@type\":\"WebSite\",\"@id\":\"https:\\\/\\\/thaiharmonia.hu\\\/#website\",\"url\":\"https:\\\/\\\/thaiharmonia.hu\\\/\",\"name\":\"Thai Harm\u00f3nia Massz\u00e1zs\",\"description\":\"thaiharmonia.hu\",\"potentialAction\":[{\"@type\":\"SearchAction\",\"target\":{\"@type\":\"EntryPoint\",\"urlTemplate\":\"https:\\\/\\\/thaiharmonia.hu\\\/?s={search_term_string}\"},\"query-input\":{\"@type\":\"PropertyValueSpecification\",\"valueRequired\":true,\"valueName\":\"search_term_string\"}}],\"inLanguage\":\"en-GB\"}]}<\/script>\n<!-- \/ Yoast SEO plugin. -->","yoast_head_json":{"title":"Impresszum - Thai Harm\u00f3nia Massz\u00e1zs","robots":{"index":"index","follow":"follow","max-snippet":"max-snippet:-1","max-image-preview":"max-image-preview:large","max-video-preview":"max-video-preview:-1"},"canonical":"https:\/\/thaiharmonia.hu\/en\/impresszum\/","og_locale":"en_GB","og_type":"article","og_title":"Impresszum - Thai Harm\u00f3nia Massz\u00e1zs","og_description":"Impresszum LA MARIPOSA Kft.1026 Budapest, G\u00e1bor \u00c1ron utca 74-78. 2. em. 204.06 1 302 0513Ad\u00f3sz\u00e1m: 26132415-2-41C\u00e9gjegyz\u00e9ksz\u00e1m: 01-09-303609 K\u00c9ZBES\u00cdT\u00c9S Sikeres v\u00e1s\u00e1rl\u00e1s eset\u00e9n a massz\u00e1zskupont a v\u00e1s\u00e1rl\u00e1s sor\u00e1n megadott emailc\u00edmre k\u00fcldj\u00fck meg, a v\u00e1s\u00e1rl\u00e1st k\u00f6vet\u0151 n\u00e9h\u00e1ny percen bel\u00fcl. \u00c9RV\u00c9NYESS\u00c9GI ID\u0150 A massz\u00e1zskuponok \u00e9rv\u00e9nyess\u00e9gi ideje a v\u00e1s\u00e1rl\u00e1s napj\u00e1t\u00f3l sz\u00e1m\u00edtott 3 h\u00f3nap. A lej\u00e1rat pontos napja a kuponon is [&hellip;]","og_url":"https:\/\/thaiharmonia.hu\/en\/impresszum\/","og_site_name":"Thai Harm\u00f3nia Massz\u00e1zs","article_modified_time":"2025-05-16T11:55:05+00:00","og_image":[{"url":"https:\/\/www.senspamasszazs.hu\/img\/kh-logo.png","type":"","width":"","height":""}],"twitter_card":"summary_large_image","twitter_misc":{"Estimated reading time":"4 minutes"},"schema":{"@context":"https:\/\/schema.org","@graph":[{"@type":"WebPage","@id":"https:\/\/thaiharmonia.hu\/en\/impresszum\/","url":"https:\/\/thaiharmonia.hu\/en\/impresszum\/","name":"Impresszum - Thai Harm\u00f3nia Massz\u00e1zs","isPartOf":{"@id":"https:\/\/thaiharmonia.hu\/#website"},"primaryImageOfPage":{"@id":"https:\/\/thaiharmonia.hu\/en\/impresszum\/#primaryimage"},"image":{"@id":"https:\/\/thaiharmonia.hu\/en\/impresszum\/#primaryimage"},"thumbnailUrl":"https:\/\/www.senspamasszazs.hu\/img\/kh-logo.png","datePublished":"2021-06-30T12:13:42+00:00","dateModified":"2025-05-16T11:55:05+00:00","breadcrumb":{"@id":"https:\/\/thaiharmonia.hu\/en\/impresszum\/#breadcrumb"},"inLanguage":"en-GB","potentialAction":[{"@type":"ReadAction","target":["https:\/\/thaiharmonia.hu\/en\/impresszum\/"]}]},{"@type":"ImageObject","inLanguage":"en-GB","@id":"https:\/\/thaiharmonia.hu\/en\/impresszum\/#primaryimage","url":"https:\/\/www.senspamasszazs.hu\/img\/kh-logo.png","contentUrl":"https:\/\/www.senspamasszazs.hu\/img\/kh-logo.png"},{"@type":"BreadcrumbList","@id":"https:\/\/thaiharmonia.hu\/en\/impresszum\/#breadcrumb","itemListElement":[{"@type":"ListItem","position":1,"name":"Kezd\u0151lap","item":"https:\/\/thaiharmonia.hu\/"},{"@type":"ListItem","position":2,"name":"Impresszum"}]},{"@type":"WebSite","@id":"https:\/\/thaiharmonia.hu\/#website","url":"https:\/\/thaiharmonia.hu\/","name":"Thai Harm\u00f3nia Massz\u00e1zs","description":"thaiharmonia.hu","potentialAction":[{"@type":"SearchAction","target":{"@type":"EntryPoint","urlTemplate":"https:\/\/thaiharmonia.hu\/?s={search_term_string}"},"query-input":{"@type":"PropertyValueSpecification","valueRequired":true,"valueName":"search_term_string"}}],"inLanguage":"en-GB"}]}},"_links":{"self":[{"href":"https:\/\/www.thaiharmonia.hu\/en\/wp-json\/wp\/v2\/pages\/278","targetHints":{"allow":["GET"]}}],"collection":[{"href":"https:\/\/www.thaiharmonia.hu\/en\/wp-json\/wp\/v2\/pages"}],"about":[{"href":"https:\/\/www.thaiharmonia.hu\/en\/wp-json\/wp\/v2\/types\/page"}],"author":[{"embeddable":true,"href":"https:\/\/www.thaiharmonia.hu\/en\/wp-json\/wp\/v2\/users\/12"}],"replies":[{"embeddable":true,"href":"https:\/\/www.thaiharmonia.hu\/en\/wp-json\/wp\/v2\/comments?post=278"}],"version-history":[{"count":7,"href":"https:\/\/www.thaiharmonia.hu\/en\/wp-json\/wp\/v2\/pages\/278\/revisions"}],"predecessor-version":[{"id":10466,"href":"https:\/\/www.thaiharmonia.hu\/en\/wp-json\/wp\/v2\/pages\/278\/revisions\/10466"}],"wp:attachment":[{"href":"https:\/\/www.thaiharmonia.hu\/en\/wp-json\/wp\/v2\/media?parent=278"}],"curies":[{"name":"wp","href":"https:\/\/api.w.org\/{rel}","templated":true}]}}